{"id":32,"date":"2016-10-18T11:16:57","date_gmt":"2016-10-18T10:16:57","guid":{"rendered":"http:\/\/www.cssolutions.company\/sk\/?page_id=32"},"modified":"2016-10-18T11:16:57","modified_gmt":"2016-10-18T10:16:57","slug":"kariera","status":"publish","type":"page","link":"https:\/\/www.cssolutions.company\/sk\/kariera\/","title":{"rendered":"Kari\u00e9ra"},"content":{"rendered":"<h1>Osobn\u00e1 ochrana a\u00a0ostraha<\/h1>\n<p><strong>Inform\u00e1cie o\u00a0pracovnej poz\u00edcii<\/strong><\/p>\n<p>Pre na\u0161u spolo\u010dnos\u0165 h\u013ead\u00e1me zamestnancov na poz\u00edcii ochrana a\u00a0ostraha<\/p>\n<ul>\n<li>ostraha os\u00f4b a\u00a0majetku<\/li>\n<li>n\u00e1stup j\u00fan\/j\u00fal 2016<\/li>\n<li>miesto v\u00fdkonu pr\u00e1ce \u2013 Praha Dejvice<\/li>\n<li>viac inform\u00e1ci\u00ed o\u00a0poz\u00edcii poskytneme pri osobnom pohovore<\/li>\n<li>z\u00e1ujemcovia zasielajte svoj \u017eivotopis s\u00a0fotografiou celej postavy<\/li>\n<\/ul>\n<p>Po\u017eadujeme:<\/p>\n<ul>\n<li>stredo\u0161kolsk\u00e9 vzdelanie<\/li>\n<li>trestn\u00fa bez\u00fahonnos\u0165<\/li>\n<li>zodpovednos\u0165, spo\u013eahlivos\u0165, disciplinovanos\u0165, lojalitu, \u010dasov\u00fa flexibilitu<\/li>\n<li>dobr\u00fa fyzick\u00fa kond\u00edciu a\u00a0psychick\u00fa odolnos\u0165<\/li>\n<li>zbrojn\u00fd preukaz v\u00fdhodou<\/li>\n<li>prax v\u00a0bezpe\u010dnostnom odbore v\u00fdhodou<\/li>\n<\/ul>\n<p>Pon\u00fakame:<\/p>\n<ul>\n<li>pr\u00e1cu v\u00a0stabilnej spolo\u010dnosti<\/li>\n<li>pracovn\u00e9 zmluvy na HPP i\u00a0DPP<\/li>\n<li>odpovedaj\u00face mzdov\u00e9 ohodnotenie<\/li>\n<\/ul>\n<p>CS Solutions Group s.r.o.<br \/>\nFrancisciho 1044\/6<br \/>\nZvolen 960 01<br \/>\nI\u010cO : 46900497<\/p>\n<p>Kontaktni osoba<br \/>\nRastislav Vrana<br \/>\ntel.+421911603999<\/p>\n","protected":false},"excerpt":{"rendered":"<p>Osobn\u00e1 ochrana a\u00a0ostraha Inform\u00e1cie o\u00a0pracovnej poz\u00edcii Pre na\u0161u spolo\u010dnos\u0165 h\u013ead\u00e1me zamestnancov na poz\u00edcii ochrana a\u00a0ostraha ostraha os\u00f4b a\u00a0majetku n\u00e1stup j\u00fan\/j\u00fal 2016 miesto v\u00fdkonu pr\u00e1ce \u2013 Praha Dejvice viac inform\u00e1ci\u00ed o\u00a0poz\u00edcii poskytneme pri osobnom pohovore z\u00e1ujemcovia zasielajte svoj \u017eivotopis s\u00a0fotografiou celej postavy Po\u017eadujeme: stredo\u0161kolsk\u00e9 vzdelanie trestn\u00fa bez\u00fahonnos\u0165 zodpovednos\u0165, spo\u013eahlivos\u0165, disciplinovanos\u0165, lojalitu, \u010dasov\u00fa flexibilitu dobr\u00fa fyzick\u00fa kond\u00edciu [&hellip;]<\/p>\n","protected":false},"author":3,"featured_media":0,"parent":0,"menu_order":0,"comment_status":"closed","ping_status":"closed","template":"","meta":[],"_links":{"self":[{"href":"https:\/\/www.cssolutions.company\/sk\/wp-json\/wp\/v2\/pages\/32"}],"collection":[{"href":"https:\/\/www.cssolutions.company\/sk\/wp-json\/wp\/v2\/pages"}],"about":[{"href":"https:\/\/www.cssolutions.company\/sk\/wp-json\/wp\/v2\/types\/page"}],"author":[{"embeddable":true,"href":"https:\/\/www.cssolutions.company\/sk\/wp-json\/wp\/v2\/users\/3"}],"replies":[{"embeddable":true,"href":"https:\/\/www.cssolutions.company\/sk\/wp-json\/wp\/v2\/comments?post=32"}],"version-history":[{"count":1,"href":"https:\/\/www.cssolutions.company\/sk\/wp-json\/wp\/v2\/pages\/32\/revisions"}],"predecessor-version":[{"id":33,"href":"https:\/\/www.cssolutions.company\/sk\/wp-json\/wp\/v2\/pages\/32\/revisions\/33"}],"wp:attachment":[{"href":"https:\/\/www.cssolutions.company\/sk\/wp-json\/wp\/v2\/media?parent=32"}],"curies":[{"name":"wp","href":"https:\/\/api.w.org\/{rel}","templated":true}]}}