{"id":30,"date":"2016-10-18T11:07:54","date_gmt":"2016-10-18T10:07:54","guid":{"rendered":"http:\/\/www.cssolutions.company\/sk\/?page_id=30"},"modified":"2016-10-20T09:17:31","modified_gmt":"2016-10-20T08:17:31","slug":"ostraha-technicka-a-elektronicka-bezpecnost","status":"publish","type":"page","link":"https:\/\/www.cssolutions.company\/sk\/sluzby\/ostraha-technicka-a-elektronicka-bezpecnost\/","title":{"rendered":"Ostraha, technick\u00e1 a\u00a0elektronick\u00e1 bezpe\u010dnos\u0165"},"content":{"rendered":"","protected":false},"excerpt":{"rendered":"","protected":false},"author":3,"featured_media":198,"parent":19,"menu_order":10,"comment_status":"closed","ping_status":"closed","template":"","meta":[],"_links":{"self":[{"href":"https:\/\/www.cssolutions.company\/sk\/wp-json\/wp\/v2\/pages\/30"}],"collection":[{"href":"https:\/\/www.cssolutions.company\/sk\/wp-json\/wp\/v2\/pages"}],"about":[{"href":"https:\/\/www.cssolutions.company\/sk\/wp-json\/wp\/v2\/types\/page"}],"author":[{"embeddable":true,"href":"https:\/\/www.cssolutions.company\/sk\/wp-json\/wp\/v2\/users\/3"}],"replies":[{"embeddable":true,"href":"https:\/\/www.cssolutions.company\/sk\/wp-json\/wp\/v2\/comments?post=30"}],"version-history":[{"count":2,"href":"https:\/\/www.cssolutions.company\/sk\/wp-json\/wp\/v2\/pages\/30\/revisions"}],"predecessor-version":[{"id":183,"href":"https:\/\/www.cssolutions.company\/sk\/wp-json\/wp\/v2\/pages\/30\/revisions\/183"}],"up":[{"embeddable":true,"href":"https:\/\/www.cssolutions.company\/sk\/wp-json\/wp\/v2\/pages\/19"}],"wp:featuredmedia":[{"embeddable":true,"href":"https:\/\/www.cssolutions.company\/sk\/wp-json\/wp\/v2\/media\/198"}],"wp:attachment":[{"href":"https:\/\/www.cssolutions.company\/sk\/wp-json\/wp\/v2\/media?parent=30"}],"curies":[{"name":"wp","href":"https:\/\/api.w.org\/{rel}","templated":true}]}}