{"id":28,"date":"2016-10-18T11:07:36","date_gmt":"2016-10-18T10:07:36","guid":{"rendered":"http:\/\/www.cssolutions.company\/sk\/?page_id=28"},"modified":"2016-10-20T09:11:44","modified_gmt":"2016-10-20T08:11:44","slug":"specialne-sluzby","status":"publish","type":"page","link":"https:\/\/www.cssolutions.company\/sk\/sluzby\/specialne-sluzby\/","title":{"rendered":"\u0160peci\u00e1lne slu\u017eby"},"content":{"rendered":"","protected":false},"excerpt":{"rendered":"","protected":false},"author":3,"featured_media":195,"parent":19,"menu_order":0,"comment_status":"closed","ping_status":"closed","template":"","meta":[],"_links":{"self":[{"href":"https:\/\/www.cssolutions.company\/sk\/wp-json\/wp\/v2\/pages\/28"}],"collection":[{"href":"https:\/\/www.cssolutions.company\/sk\/wp-json\/wp\/v2\/pages"}],"about":[{"href":"https:\/\/www.cssolutions.company\/sk\/wp-json\/wp\/v2\/types\/page"}],"author":[{"embeddable":true,"href":"https:\/\/www.cssolutions.company\/sk\/wp-json\/wp\/v2\/users\/3"}],"replies":[{"embeddable":true,"href":"https:\/\/www.cssolutions.company\/sk\/wp-json\/wp\/v2\/comments?post=28"}],"version-history":[{"count":2,"href":"https:\/\/www.cssolutions.company\/sk\/wp-json\/wp\/v2\/pages\/28\/revisions"}],"predecessor-version":[{"id":186,"href":"https:\/\/www.cssolutions.company\/sk\/wp-json\/wp\/v2\/pages\/28\/revisions\/186"}],"up":[{"embeddable":true,"href":"https:\/\/www.cssolutions.company\/sk\/wp-json\/wp\/v2\/pages\/19"}],"wp:featuredmedia":[{"embeddable":true,"href":"https:\/\/www.cssolutions.company\/sk\/wp-json\/wp\/v2\/media\/195"}],"wp:attachment":[{"href":"https:\/\/www.cssolutions.company\/sk\/wp-json\/wp\/v2\/media?parent=28"}],"curies":[{"name":"wp","href":"https:\/\/api.w.org\/{rel}","templated":true}]}}