{"id":16,"date":"2016-10-18T10:49:05","date_gmt":"2016-10-18T09:49:05","guid":{"rendered":"http:\/\/www.cssolutions.company\/sk\/?page_id=16"},"modified":"2016-10-18T14:49:34","modified_gmt":"2016-10-18T13:49:34","slug":"export","status":"publish","type":"page","link":"https:\/\/www.cssolutions.company\/sk\/export\/","title":{"rendered":"Export"},"content":{"rendered":"<hr \/>\n<p class=\"big\">Pre na\u0161ich \u010desk\u00fdch obchodn\u00fdch partnerov vyh\u013ead\u00e1vame <strong>obchodn\u00e9 pr\u00edle\u017eitosti na dynamick\u00fdch trhoch<\/strong>. Na\u0161e exportn\u00e9 slu\u017eby s\u00fa zameran\u00e9 na <strong>propag\u00e1ciu investi\u010dn\u00fdch pr\u00edle\u017eitost\u00ed<\/strong>a\u00a0zv\u00fd\u0161enie obojsmernn\u00e9ho obchodu skrze strategick\u00fa propag\u00e1ciu \u010ceskej a\u00a0Slovenskej republiky. T\u00e1to slu\u017eba zahr\u0148uje poradenstvo, analytick\u00e9 pos\u00fadenie trhu a\u00a0potencion\u00e1lnych klientov a\u00a0asistenciu pri osobnom kontakte.<\/p>\n<hr \/>\n","protected":false},"excerpt":{"rendered":"<p>Pre na\u0161ich \u010desk\u00fdch obchodn\u00fdch partnerov vyh\u013ead\u00e1vame obchodn\u00e9 pr\u00edle\u017eitosti na dynamick\u00fdch trhoch. Na\u0161e exportn\u00e9 slu\u017eby s\u00fa zameran\u00e9 na propag\u00e1ciu investi\u010dn\u00fdch pr\u00edle\u017eitost\u00eda\u00a0zv\u00fd\u0161enie obojsmernn\u00e9ho obchodu skrze strategick\u00fa propag\u00e1ciu \u010ceskej a\u00a0Slovenskej republiky. T\u00e1to slu\u017eba zahr\u0148uje poradenstvo, analytick\u00e9 pos\u00fadenie trhu a\u00a0potencion\u00e1lnych klientov a\u00a0asistenciu pri osobnom kontakte.<\/p>\n","protected":false},"author":3,"featured_media":0,"parent":0,"menu_order":0,"comment_status":"closed","ping_status":"closed","template":"page-export.php","meta":[],"_links":{"self":[{"href":"https:\/\/www.cssolutions.company\/sk\/wp-json\/wp\/v2\/pages\/16"}],"collection":[{"href":"https:\/\/www.cssolutions.company\/sk\/wp-json\/wp\/v2\/pages"}],"about":[{"href":"https:\/\/www.cssolutions.company\/sk\/wp-json\/wp\/v2\/types\/page"}],"author":[{"embeddable":true,"href":"https:\/\/www.cssolutions.company\/sk\/wp-json\/wp\/v2\/users\/3"}],"replies":[{"embeddable":true,"href":"https:\/\/www.cssolutions.company\/sk\/wp-json\/wp\/v2\/comments?post=16"}],"version-history":[{"count":2,"href":"https:\/\/www.cssolutions.company\/sk\/wp-json\/wp\/v2\/pages\/16\/revisions"}],"predecessor-version":[{"id":18,"href":"https:\/\/www.cssolutions.company\/sk\/wp-json\/wp\/v2\/pages\/16\/revisions\/18"}],"wp:attachment":[{"href":"https:\/\/www.cssolutions.company\/sk\/wp-json\/wp\/v2\/media?parent=16"}],"curies":[{"name":"wp","href":"https:\/\/api.w.org\/{rel}","templated":true}]}}