{"id":96,"date":"2015-01-30T10:28:36","date_gmt":"2015-01-30T10:28:36","guid":{"rendered":"http:\/\/www.cssolutions.company\/?page_id=96"},"modified":"2016-06-09T20:21:33","modified_gmt":"2016-06-09T20:21:33","slug":"societe","status":"publish","type":"page","link":"https:\/\/www.cssolutions.company\/fr\/societe\/","title":{"rendered":"Soci\u00e9t\u00e9"},"content":{"rendered":"<h2>Mission<\/h2>\n<p>CS Solutions soci\u00e9t\u00e9 a \u00e9t\u00e9 fond\u00e9e en janvier 2009 afin de cr\u00e9er une entreprise multinationale pour \u00eatre en mesure d\u2019offrir aux clients des services de s\u00e9curit\u00e9 complets de haute qualit\u00e9.<\/p>\n<p>Le statut de la soci\u00e9t\u00e9 a \u00e9t\u00e9 inspir\u00e9 par les tendances mondiales actuelles dans l\u2019assurance de la s\u00e9curit\u00e9 des organisations priv\u00e9es et publiques o\u00f9 l\u2019activit\u00e9 sp\u00e9cifique est g\u00e9n\u00e9ralement fournie par des soci\u00e9t\u00e9s \u00e9troitement cibl\u00e9es et sp\u00e9cialis\u00e9es.<\/p>\n<p>Les services de s\u00e9curit\u00e9 offerts par CS Solutions sont effectu\u00e9s par des professionnels, hommes et femmes, qui utilisent pleinement leur exp\u00e9rience acquise au cours de nombreuses ann\u00e9es de pratique dans les composantes de la s\u00e9curit\u00e9 de l\u2019\u00c9tat ou lors de pratique priv\u00e9e intense. En particulier dans la protection personnelle des citoyens en R\u00e9publique tch\u00e8que et \u00e0 l\u2019\u00e9tranger.<\/p>\n<p>CS Solutions vise \u00e0 offrir \u00e0 ses clients un service hautement professionnel dans la formation \u00e0 la s\u00e9curit\u00e9, l\u2019entra\u00eenement et la performance de la protection des personnes et des biens.<br \/>\nToutes les activit\u00e9s de CS Solutions sont en conformit\u00e9 avec les lois et les normes l\u00e9gales des pays dans lesquelles elles sont ex\u00e9cut\u00e9es.<\/p>\n<h2>Garanties de s\u00e9curit\u00e9<\/h2>\n<p>La gestion, le personnel permanent ou les associ\u00e9s sous contrat avec CS Solutions sont toujours des personnes int\u00e8gres sans ant\u00e9c\u00e9dents criminels. Les conditions n\u00e9cessaires \u00e0 l\u2019accomplissement des services de CS Solutions sont la confidentialit\u00e9, de la diplomatie et de la loyaut\u00e9 tant sur le fonctionnement des forces de s\u00e9curit\u00e9 que lors de pratique priv\u00e9e.<\/p>\n<p>&nbsp;<\/p>\n","protected":false},"excerpt":{"rendered":"<p>Mission CS Solutions soci\u00e9t\u00e9 a \u00e9t\u00e9 fond\u00e9e en janvier 2009 afin de cr\u00e9er une entreprise multinationale pour \u00eatre en mesure d\u2019offrir aux clients des services de s\u00e9curit\u00e9 complets de haute qualit\u00e9. Le statut de la soci\u00e9t\u00e9 a \u00e9t\u00e9 inspir\u00e9 par les tendances mondiales actuelles dans l\u2019assurance de la s\u00e9curit\u00e9 des organisations priv\u00e9es et publiques o\u00f9 [&hellip;]<\/p>\n","protected":false},"author":1,"featured_media":198,"parent":0,"menu_order":0,"comment_status":"open","ping_status":"open","template":"page-onas.php","meta":[],"_links":{"self":[{"href":"https:\/\/www.cssolutions.company\/fr\/wp-json\/wp\/v2\/pages\/96"}],"collection":[{"href":"https:\/\/www.cssolutions.company\/fr\/wp-json\/wp\/v2\/pages"}],"about":[{"href":"https:\/\/www.cssolutions.company\/fr\/wp-json\/wp\/v2\/types\/page"}],"author":[{"embeddable":true,"href":"https:\/\/www.cssolutions.company\/fr\/wp-json\/wp\/v2\/users\/1"}],"replies":[{"embeddable":true,"href":"https:\/\/www.cssolutions.company\/fr\/wp-json\/wp\/v2\/comments?post=96"}],"version-history":[{"count":2,"href":"https:\/\/www.cssolutions.company\/fr\/wp-json\/wp\/v2\/pages\/96\/revisions"}],"predecessor-version":[{"id":614,"href":"https:\/\/www.cssolutions.company\/fr\/wp-json\/wp\/v2\/pages\/96\/revisions\/614"}],"wp:featuredmedia":[{"embeddable":true,"href":"https:\/\/www.cssolutions.company\/fr\/wp-json\/wp\/v2\/media\/198"}],"wp:attachment":[{"href":"https:\/\/www.cssolutions.company\/fr\/wp-json\/wp\/v2\/media?parent=96"}],"curies":[{"name":"wp","href":"https:\/\/api.w.org\/{rel}","templated":true}]}}