{"id":92,"date":"2015-01-30T09:35:28","date_gmt":"2015-01-30T09:35:28","guid":{"rendered":"http:\/\/www.cssolutions.company\/?page_id=92"},"modified":"2015-07-07T14:12:29","modified_gmt":"2015-07-07T14:12:29","slug":"services-speciaux","status":"publish","type":"page","link":"https:\/\/www.cssolutions.company\/fr\/services\/services-speciaux\/","title":{"rendered":"Services sp\u00e9ciaux"},"content":{"rendered":"<div class=\"inside\">\n<p>Pour les besoins sp\u00e9cifiques de nos clients, nous offrons \u00e9galement des services sp\u00e9ciaux de s\u00e9curit\u00e9. Dans ce cadre, nous r\u00e9alisons des consultations sur la r\u00e9alisation et la poursuite du d\u00e9veloppement du processus de gestion des risques \u00e0 caract\u00e8re criminel et \u00e0 caract\u00e8re commercial sans danger. . Nous effectuons des tests de p\u00e9n\u00e9tration et de fiabilit\u00e9 du syst\u00e8me et des individus. Nous menons l\u2019enqu\u00eate avec l\u2019aide de nos propres ressources op\u00e9rationnelles et des outils analytiques.<\/p>\n<p>&nbsp;<\/p>\n<h2>Nous proposons<\/h2>\n<ul>\n<li>Consultation dans l\u2019enqu\u00eate sur les incidents \u2013 par ex. : dans l\u2019utilisation des ressources op\u00e9rationnelles, des informations accessibles au public, etc.<\/li>\n<li>V\u00e9rification de nouveaux employ\u00e9s \u2013 employee screening<\/li>\n<li>Examen des partenaires d\u2019affaires et des circonstances de contrats commerciaux \u2013 due diligence, counterparty diligence.<\/li>\n<li>V\u00e9rification \/ suivi des personnes et des actifs \u00e9chang\u00e9s dans les normes juridiques (protection de la propri\u00e9t\u00e9)<\/li>\n<li>Services d\u2019analyse de s\u00e9curit\u00e9 en mettant l\u2019accent sur la situation nationale et internationale.<\/li>\n<li>Coop\u00e9ration avec les autorit\u00e9s gouvernementales pour assurer \/ juger des preuves dans les proc\u00e9dures p\u00e9nales \u2013 r\u00e9alisation et supervision des enqu\u00eates men\u00e9es par les autorit\u00e9s de police<\/li>\n<li>Analyse des dossiers<\/li>\n<li>Business Intelligence \u2013 notamment dans le counterparty, due diligence<\/li>\n<li>Protection contre la pers\u00e9cution<\/li>\n<li>Fourniture d\u2019avis d\u2019experts<\/li>\n<li>Audit pyrotechnique<\/li>\n<li>Soutien psychologique dans les situations post-traumatiques<\/li>\n<\/ul>\n<p>Dans le cadre de nos services sp\u00e9ciaux, nous proposons \u00e9galement des tests de p\u00e9n\u00e9tration, la s\u00e9curit\u00e9 de l\u2019int\u00e9grit\u00e9 du syst\u00e8me et mystery shopping, dont le but est de tester le degr\u00e9 de perm\u00e9abilit\u00e9 de l\u2019objet prot\u00e9g\u00e9 ou des parties s\u00e9lectionn\u00e9es.<br \/>\nLe d\u00e9fi consiste \u00e0 obtenir des informations sur les faiblesses et les lacunes en mati\u00e8re de s\u00e9curit\u00e9 qui pourraient faciliter une menace d\u2019intrusion potentielle.<\/p>\n<p>Une partie importante de nos services sp\u00e9ciaux est \u00e9galement une \u00e9quipe anti-graffiti, qui met l\u2019accent sur le combat syst\u00e9matique contre le vandalisme et sa forme sp\u00e9cifique, le graffiti. Sa t\u00e2che principale consiste \u00e0 collecter et \u00e0 analyser des donn\u00e9es, \u00e0 d\u00e9ployer une \u00e9quipe \u00e0 des endroits d\u00e9sign\u00e9s afin de capturer les auteurs.<\/p>\n<\/div>\n","protected":false},"excerpt":{"rendered":"<p>Pour les besoins sp\u00e9cifiques de nos clients, nous offrons \u00e9galement des services sp\u00e9ciaux de s\u00e9curit\u00e9. Dans ce cadre, nous r\u00e9alisons des consultations sur la r\u00e9alisation et la poursuite du d\u00e9veloppement du processus de gestion des risques \u00e0 caract\u00e8re criminel et \u00e0 caract\u00e8re commercial sans danger. . Nous effectuons des tests de p\u00e9n\u00e9tration et de fiabilit\u00e9 [&hellip;]<\/p>\n","protected":false},"author":1,"featured_media":449,"parent":81,"menu_order":40,"comment_status":"open","ping_status":"closed","template":"","meta":[],"_links":{"self":[{"href":"https:\/\/www.cssolutions.company\/fr\/wp-json\/wp\/v2\/pages\/92"}],"collection":[{"href":"https:\/\/www.cssolutions.company\/fr\/wp-json\/wp\/v2\/pages"}],"about":[{"href":"https:\/\/www.cssolutions.company\/fr\/wp-json\/wp\/v2\/types\/page"}],"author":[{"embeddable":true,"href":"https:\/\/www.cssolutions.company\/fr\/wp-json\/wp\/v2\/users\/1"}],"replies":[{"embeddable":true,"href":"https:\/\/www.cssolutions.company\/fr\/wp-json\/wp\/v2\/comments?post=92"}],"version-history":[{"count":2,"href":"https:\/\/www.cssolutions.company\/fr\/wp-json\/wp\/v2\/pages\/92\/revisions"}],"predecessor-version":[{"id":588,"href":"https:\/\/www.cssolutions.company\/fr\/wp-json\/wp\/v2\/pages\/92\/revisions\/588"}],"up":[{"embeddable":true,"href":"https:\/\/www.cssolutions.company\/fr\/wp-json\/wp\/v2\/pages\/81"}],"wp:featuredmedia":[{"embeddable":true,"href":"https:\/\/www.cssolutions.company\/fr\/wp-json\/wp\/v2\/media\/449"}],"wp:attachment":[{"href":"https:\/\/www.cssolutions.company\/fr\/wp-json\/wp\/v2\/media?parent=92"}],"curies":[{"name":"wp","href":"https:\/\/api.w.org\/{rel}","templated":true}]}}