{"id":67,"date":"2015-01-25T21:08:38","date_gmt":"2015-01-25T21:08:38","guid":{"rendered":"http:\/\/www.cssolutions.company\/?page_id=67"},"modified":"2015-03-10T10:15:29","modified_gmt":"2015-03-10T10:15:29","slug":"carriere","status":"publish","type":"page","link":"https:\/\/www.cssolutions.company\/fr\/carriere\/","title":{"rendered":"Carri\u00e8re"},"content":{"rendered":"<p>Nous offrons la coop\u00e9ration aux personnes ayant une exp\u00e9rience \u00e9prouv\u00e9e et une formation en protection rapproch\u00e9e.<\/p>\n<h2>POSTES DE TRAVAIL ACTUELS<\/h2>\n<p class=\"no-careers\">Nous n\u2019avons actuellement aucune offre de poste \u00e0 pourvoir.<\/p>\n","protected":false},"excerpt":{"rendered":"<p>Nous offrons la coop\u00e9ration aux personnes ayant une exp\u00e9rience \u00e9prouv\u00e9e et une formation en protection rapproch\u00e9e. POSTES DE TRAVAIL ACTUELS Nous n\u2019avons actuellement aucune offre de poste \u00e0 pourvoir.<\/p>\n","protected":false},"author":1,"featured_media":0,"parent":0,"menu_order":0,"comment_status":"open","ping_status":"open","template":"","meta":[],"_links":{"self":[{"href":"https:\/\/www.cssolutions.company\/fr\/wp-json\/wp\/v2\/pages\/67"}],"collection":[{"href":"https:\/\/www.cssolutions.company\/fr\/wp-json\/wp\/v2\/pages"}],"about":[{"href":"https:\/\/www.cssolutions.company\/fr\/wp-json\/wp\/v2\/types\/page"}],"author":[{"embeddable":true,"href":"https:\/\/www.cssolutions.company\/fr\/wp-json\/wp\/v2\/users\/1"}],"replies":[{"embeddable":true,"href":"https:\/\/www.cssolutions.company\/fr\/wp-json\/wp\/v2\/comments?post=67"}],"version-history":[{"count":1,"href":"https:\/\/www.cssolutions.company\/fr\/wp-json\/wp\/v2\/pages\/67\/revisions"}],"predecessor-version":[{"id":524,"href":"https:\/\/www.cssolutions.company\/fr\/wp-json\/wp\/v2\/pages\/67\/revisions\/524"}],"wp:attachment":[{"href":"https:\/\/www.cssolutions.company\/fr\/wp-json\/wp\/v2\/media?parent=67"}],"curies":[{"name":"wp","href":"https:\/\/api.w.org\/{rel}","templated":true}]}}