{"id":437,"date":"2015-03-02T13:05:42","date_gmt":"2015-03-02T12:05:42","guid":{"rendered":"http:\/\/www.cssolutions.company\/?page_id=437"},"modified":"2017-04-28T19:44:56","modified_gmt":"2017-04-28T19:44:56","slug":"formation-pour-les-entites-gouvernementales-et-privees","status":"publish","type":"page","link":"https:\/\/www.cssolutions.company\/fr\/services\/formation-pour-les-entites-gouvernementales-et-privees\/","title":{"rendered":"Formation pour les entit\u00e9s gouvernementales et priv\u00e9es"},"content":{"rendered":"<p>Nous offrons une formation concentr\u00e9e principalement sur l\u2019utilisation de la technologie de s\u00e9curit\u00e9, de communication, de surveillance, de navigation et d\u2019autres \u00e9quipements m\u00e9dicaux.<\/p>\n<p>&nbsp;<\/p>\n<h2>FORMATION PROFESSIONNELLE<\/h2>\n<p>Tous les programmes de formation sont con\u00e7us pour satisfaire pleinement aux exigences de s\u00e9curit\u00e9 du client.<br \/>\nEn cas d\u2019int\u00e9r\u00eat, nous sommes en mesure d\u2019offrir un enseignement et une formation organis\u00e9s par des sp\u00e9cialistes externes qui sont dans leur domaine mondialement reconnus et respect\u00e9s.<\/p>\n<p>CS Solutions propose une formation enti\u00e8rement professionnelle pour le personnel de s\u00e9curit\u00e9 et militaire.<\/p>\n<p>&nbsp;<\/p>\n<h2>COURS DE FORMATION<\/h2>\n<ul>\n<li>Auto-d\u00e9fense<\/li>\n<li>Formation sur le maniement des armes \u2013 de base au niveau avanc\u00e9 \u2013 le contr\u00f4le des armes d\u2019\u00e9paule et des armes courtes<\/li>\n<li>Protection rapproch\u00e9e \u2013 activit\u00e9s de formation des protecteurs et des \u00e9quipes de protection<\/li>\n<li>Conduite d\u00e9fensive<\/li>\n<li>Premiers soins, intervention en cas d\u2019incidents et d\u2019accidents<\/li>\n<li>Pr\u00e9vention et d\u00e9tection des syst\u00e8mes explosifs<\/li>\n<\/ul>\n<p>&nbsp;<\/p>\n<h2>COURS COMPLETS AUX MEMBRES DES FORCES DE S\u00c9CURIT\u00c9<\/h2>\n<ul>\n<li>Technique de patrouilles fixes et mobiles et de patrouille \u00e0 pied<\/li>\n<li>Tactique et interventions<\/li>\n<\/ul>\n<p><a href=\"http:\/\/www.cstactical.org\">www.cstactical.org<\/a><\/p>\n<p>&nbsp;<\/p>\n<p>&nbsp;<\/p>\n","protected":false},"excerpt":{"rendered":"<p>Nous offrons une formation concentr\u00e9e principalement sur l\u2019utilisation de la technologie de s\u00e9curit\u00e9, de communication, de surveillance, de navigation et d\u2019autres \u00e9quipements m\u00e9dicaux. &nbsp; FORMATION PROFESSIONNELLE Tous les programmes de formation sont con\u00e7us pour satisfaire pleinement aux exigences de s\u00e9curit\u00e9 du client. En cas d\u2019int\u00e9r\u00eat, nous sommes en mesure d\u2019offrir un enseignement et une formation [&hellip;]<\/p>\n","protected":false},"author":1,"featured_media":443,"parent":81,"menu_order":10,"comment_status":"open","ping_status":"open","template":"","meta":[],"_links":{"self":[{"href":"https:\/\/www.cssolutions.company\/fr\/wp-json\/wp\/v2\/pages\/437"}],"collection":[{"href":"https:\/\/www.cssolutions.company\/fr\/wp-json\/wp\/v2\/pages"}],"about":[{"href":"https:\/\/www.cssolutions.company\/fr\/wp-json\/wp\/v2\/types\/page"}],"author":[{"embeddable":true,"href":"https:\/\/www.cssolutions.company\/fr\/wp-json\/wp\/v2\/users\/1"}],"replies":[{"embeddable":true,"href":"https:\/\/www.cssolutions.company\/fr\/wp-json\/wp\/v2\/comments?post=437"}],"version-history":[{"count":5,"href":"https:\/\/www.cssolutions.company\/fr\/wp-json\/wp\/v2\/pages\/437\/revisions"}],"predecessor-version":[{"id":791,"href":"https:\/\/www.cssolutions.company\/fr\/wp-json\/wp\/v2\/pages\/437\/revisions\/791"}],"up":[{"embeddable":true,"href":"https:\/\/www.cssolutions.company\/fr\/wp-json\/wp\/v2\/pages\/81"}],"wp:featuredmedia":[{"embeddable":true,"href":"https:\/\/www.cssolutions.company\/fr\/wp-json\/wp\/v2\/media\/443"}],"wp:attachment":[{"href":"https:\/\/www.cssolutions.company\/fr\/wp-json\/wp\/v2\/media?parent=437"}],"curies":[{"name":"wp","href":"https:\/\/api.w.org\/{rel}","templated":true}]}}