{"id":307,"date":"2015-01-23T14:44:46","date_gmt":"2015-01-23T14:44:46","guid":{"rendered":"http:\/\/www.cssolutions.company\/?page_id=5"},"modified":"2017-09-29T14:13:35","modified_gmt":"2017-09-29T14:13:35","slug":"contact","status":"publish","type":"page","link":"https:\/\/www.cssolutions.company\/fr\/contact\/","title":{"rendered":"Contact"},"content":{"rendered":"<h3 style=\"text-align: center;\">CS Solutions Group s.r.o.<\/h3>\n<p style=\"text-align: center;\">ID <strong>28321812<\/strong><br \/>\nnum\u00e9ro de dossier C 60965 enregistr\u00e9 par la Cour d&rsquo;enregistrement \u00e0 Brno<\/p>\n","protected":false},"excerpt":{"rendered":"<p>CS Solutions Group s.r.o. ID 28321812 num\u00e9ro de dossier C 60965 enregistr\u00e9 par la Cour d&rsquo;enregistrement \u00e0 Brno<\/p>\n","protected":false},"author":1,"featured_media":0,"parent":0,"menu_order":0,"comment_status":"open","ping_status":"open","template":"page-kontakt.php","meta":[],"_links":{"self":[{"href":"https:\/\/www.cssolutions.company\/fr\/wp-json\/wp\/v2\/pages\/307"}],"collection":[{"href":"https:\/\/www.cssolutions.company\/fr\/wp-json\/wp\/v2\/pages"}],"about":[{"href":"https:\/\/www.cssolutions.company\/fr\/wp-json\/wp\/v2\/types\/page"}],"author":[{"embeddable":true,"href":"https:\/\/www.cssolutions.company\/fr\/wp-json\/wp\/v2\/users\/1"}],"replies":[{"embeddable":true,"href":"https:\/\/www.cssolutions.company\/fr\/wp-json\/wp\/v2\/comments?post=307"}],"version-history":[{"count":4,"href":"https:\/\/www.cssolutions.company\/fr\/wp-json\/wp\/v2\/pages\/307\/revisions"}],"predecessor-version":[{"id":805,"href":"https:\/\/www.cssolutions.company\/fr\/wp-json\/wp\/v2\/pages\/307\/revisions\/805"}],"wp:attachment":[{"href":"https:\/\/www.cssolutions.company\/fr\/wp-json\/wp\/v2\/media?parent=307"}],"curies":[{"name":"wp","href":"https:\/\/api.w.org\/{rel}","templated":true}]}}