{"id":96,"date":"2015-01-30T10:28:36","date_gmt":"2015-01-30T10:28:36","guid":{"rendered":"http:\/\/www.cssolutions.company\/cz\/?page_id=96"},"modified":"2016-06-09T20:14:55","modified_gmt":"2016-06-09T19:14:55","slug":"o-nas","status":"publish","type":"page","link":"https:\/\/www.cssolutions.company\/cz\/o-nas\/","title":{"rendered":"O n\u00e1s"},"content":{"rendered":"<h4>Nab\u00edz\u00edme vysoce profesion\u00e1ln\u00ed slu\u017eby zejm\u00e9na v oblasti bezpe\u010dnostn\u00ed p\u0159\u00edpravy, v\u00fdcviku a v\u00fdkonu ochrany osob a majetku.<\/h4>\n<p><strong>Posl\u00e1n\u00ed<\/strong><br \/>\nSpole\u010dnost CS Solutions s.r.o. byla zalo\u017eena v lednu 2009 za \u00fa\u010delem vytvo\u0159en\u00ed nadn\u00e1rodn\u00ed spole\u010dnosti, kter\u00e1 bude schopna nab\u00eddnout klient\u016fm vysoce kvalitn\u00ed komplexn\u00ed bezpe\u010dnostn\u00ed slu\u017eby. Vznik spole\u010dnosti byl inspirov\u00e1n aktu\u00e1ln\u00edmi celosv\u011btov\u00fdmi trendy v zaji\u0161\u0165ov\u00e1n\u00ed bezpe\u010dnosti priv\u00e1tn\u00edch, soukrom\u00fdch i st\u00e1tn\u00edch organizac\u00ed a subjekt\u016f, kdy je tato specifick\u00e1 \u010dinnost zpravidla poskytov\u00e1na \u00fazce zam\u011b\u0159en\u00fdmi a specializovan\u00fdmi spole\u010dnostmi.<\/p>\n<p>Bezpe\u010dnostn\u00ed slu\u017eby nab\u00edzen\u00e9 spole\u010dnost\u00ed CS Solutions s.r.o. jsou realizov\u00e1ny zku\u0161en\u00fdmi profesion\u00e1ly, mu\u017ei i \u017eenami, kte\u0159\u00ed ve sv\u00e9 slu\u017eb\u011b pln\u011b vyu\u017e\u00edvaj\u00ed sv\u00e9 zku\u0161enosti z\u00edskan\u00e9 b\u011bhem mnohalet\u00e9ho p\u016fsoben\u00ed v bezpe\u010dnostn\u00edch slo\u017ek\u00e1ch st\u00e1tu nebo b\u011bhem intenzivn\u00ed priv\u00e1tn\u00ed bezpe\u010dnostn\u00ed praxe, zejm\u00e9na v oblasti poskytov\u00e1n\u00ed slu\u017eeb osobn\u00ed ochrany na \u00fazem\u00ed \u010cesk\u00e9 republiky nebo v zahrani\u010d\u00ed.<\/p>\n<p>Spole\u010dnost CS\u00a0Solutions si klade za c\u00edl nab\u00eddnout sv\u00fdm klient\u016fm vysoce profesion\u00e1ln\u00ed slu\u017eby zejm\u00e9na v oblasti bezpe\u010dnostn\u00ed p\u0159\u00edpravy, v\u00fdcviku a v\u00fdkonu ochrany osob a majetku. Ve\u0161ker\u00e1 \u010dinnost spole\u010dnosti CS Solutions je v souladu se z\u00e1kony a legislativn\u00edmi normami zem\u00ed, ve kter\u00fdch je prov\u00e1d\u011bna.<\/p>\n<p><strong>Bezpe\u010dnostn\u00ed z\u00e1ruky<\/strong><\/p>\n<p>Management, kmenov\u00ed zam\u011bstnanci a kontraktn\u00ed spolupracovn\u00edci spole\u010dnosti CS Solutions s.r.o. jsou v\u017edy osoby bez\u00fahonn\u00e9, bez jak\u00e9koliv trestn\u00ed minulosti. Nezbytnou samoz\u0159ejmost\u00ed pro v\u00fdkon slu\u017eeb spole\u010dnost\u00ed CS Solutions s.r.o. jsou diskr\u00e9tnost, diplomacie a loajalita jak v bezpe\u010dnostn\u00edch slo\u017ek\u00e1ch, tak i b\u011bhem soukrom\u00e9 praxe.<\/p>\n<p><strong>Na\u0161e priority<\/strong><\/p>\n<ul>\n<li>profesionalita<\/li>\n<li>loajalita<\/li>\n<li>diskr\u00e9tnost<\/li>\n<li>zodpov\u011bdnost<\/li>\n<li>high tech vybaven\u00ed<\/li>\n<\/ul>\n<p>&nbsp;<\/p>\n<h3 style=\"text-align: center;\">Certifik\u00e1ty<\/h3>\n<p>&nbsp;<\/p>\n\n\t\t<style type=\"text\/css\">\n\t\t\t#gallery-1 {\n\t\t\t\tmargin: auto;\n\t\t\t}\n\t\t\t#gallery-1 .gallery-item {\n\t\t\t\tfloat: left;\n\t\t\t\tmargin-top: 10px;\n\t\t\t\ttext-align: center;\n\t\t\t\twidth: 25%;\n\t\t\t}\n\t\t\t#gallery-1 img {\n\t\t\t\tborder: 2px solid #cfcfcf;\n\t\t\t}\n\t\t\t#gallery-1 .gallery-caption {\n\t\t\t\tmargin-left: 0;\n\t\t\t}\n\t\t\t\/* see gallery_shortcode() in wp-includes\/media.php *\/\n\t\t<\/style>\n\t\t<div id='gallery-1' class='gallery galleryid-96 gallery-columns-4 gallery-size-thumbnail'><dl class='gallery-item'>\n\t\t\t<dt class='gallery-icon portrait'>\n\t\t\t\t<a href='https:\/\/www.cssolutions.company\/cz\/wp-content\/uploads\/2015\/01\/city-guilds1-big.jpg'><img width=\"200\" height=\"200\" src=\"https:\/\/www.cssolutions.company\/cz\/wp-content\/uploads\/2015\/01\/city-guilds1-big-200x200.jpg\" class=\"attachment-thumbnail size-thumbnail\" alt=\"\" loading=\"lazy\" srcset=\"https:\/\/www.cssolutions.company\/cz\/wp-content\/uploads\/2015\/01\/city-guilds1-big-200x200.jpg 200w, https:\/\/www.cssolutions.company\/cz\/wp-content\/uploads\/2015\/01\/city-guilds1-big-160x160.jpg 160w\" sizes=\"(max-width: 200px) 100vw, 200px\" \/><\/a>\n\t\t\t<\/dt><\/dl><dl class='gallery-item'>\n\t\t\t<dt class='gallery-icon portrait'>\n\t\t\t\t<a href='https:\/\/www.cssolutions.company\/cz\/wp-content\/uploads\/2015\/01\/city-guilds2-big.jpg'><img width=\"200\" height=\"200\" src=\"https:\/\/www.cssolutions.company\/cz\/wp-content\/uploads\/2015\/01\/city-guilds2-big-200x200.jpg\" class=\"attachment-thumbnail size-thumbnail\" alt=\"\" loading=\"lazy\" srcset=\"https:\/\/www.cssolutions.company\/cz\/wp-content\/uploads\/2015\/01\/city-guilds2-big-200x200.jpg 200w, https:\/\/www.cssolutions.company\/cz\/wp-content\/uploads\/2015\/01\/city-guilds2-big-160x160.jpg 160w\" sizes=\"(max-width: 200px) 100vw, 200px\" \/><\/a>\n\t\t\t<\/dt><\/dl><dl class='gallery-item'>\n\t\t\t<dt class='gallery-icon portrait'>\n\t\t\t\t<a href='https:\/\/www.cssolutions.company\/cz\/wp-content\/uploads\/2015\/01\/city-guilds-big1.jpg'><img width=\"200\" height=\"200\" src=\"https:\/\/www.cssolutions.company\/cz\/wp-content\/uploads\/2015\/01\/city-guilds-big1-200x200.jpg\" class=\"attachment-thumbnail size-thumbnail\" alt=\"\" loading=\"lazy\" srcset=\"https:\/\/www.cssolutions.company\/cz\/wp-content\/uploads\/2015\/01\/city-guilds-big1-200x200.jpg 200w, https:\/\/www.cssolutions.company\/cz\/wp-content\/uploads\/2015\/01\/city-guilds-big1-160x160.jpg 160w\" sizes=\"(max-width: 200px) 100vw, 200px\" \/><\/a>\n\t\t\t<\/dt><\/dl><dl class='gallery-item'>\n\t\t\t<dt class='gallery-icon portrait'>\n\t\t\t\t<a href='https:\/\/www.cssolutions.company\/cz\/wp-content\/uploads\/2015\/01\/close-protection-big.jpg'><img width=\"200\" height=\"200\" src=\"https:\/\/www.cssolutions.company\/cz\/wp-content\/uploads\/2015\/01\/close-protection-big-200x200.jpg\" class=\"attachment-thumbnail size-thumbnail\" alt=\"\" loading=\"lazy\" srcset=\"https:\/\/www.cssolutions.company\/cz\/wp-content\/uploads\/2015\/01\/close-protection-big-200x200.jpg 200w, https:\/\/www.cssolutions.company\/cz\/wp-content\/uploads\/2015\/01\/close-protection-big-160x160.jpg 160w\" sizes=\"(max-width: 200px) 100vw, 200px\" \/><\/a>\n\t\t\t<\/dt><\/dl><br style=\"clear: both\" \/><dl class='gallery-item'>\n\t\t\t<dt class='gallery-icon landscape'>\n\t\t\t\t<a href='https:\/\/www.cssolutions.company\/cz\/wp-content\/uploads\/2015\/01\/pps-trained-big.jpg'><img width=\"200\" height=\"200\" src=\"https:\/\/www.cssolutions.company\/cz\/wp-content\/uploads\/2015\/01\/pps-trained-big-200x200.jpg\" class=\"attachment-thumbnail size-thumbnail\" alt=\"\" loading=\"lazy\" srcset=\"https:\/\/www.cssolutions.company\/cz\/wp-content\/uploads\/2015\/01\/pps-trained-big-200x200.jpg 200w, https:\/\/www.cssolutions.company\/cz\/wp-content\/uploads\/2015\/01\/pps-trained-big-160x160.jpg 160w\" sizes=\"(max-width: 200px) 100vw, 200px\" \/><\/a>\n\t\t\t<\/dt><\/dl><dl class='gallery-item'>\n\t\t\t<dt class='gallery-icon portrait'>\n\t\t\t\t<a href='https:\/\/www.cssolutions.company\/cz\/wp-content\/uploads\/2015\/01\/ronin-big.jpg'><img width=\"200\" height=\"200\" src=\"https:\/\/www.cssolutions.company\/cz\/wp-content\/uploads\/2015\/01\/ronin-big-200x200.jpg\" class=\"attachment-thumbnail size-thumbnail\" alt=\"\" loading=\"lazy\" srcset=\"https:\/\/www.cssolutions.company\/cz\/wp-content\/uploads\/2015\/01\/ronin-big-200x200.jpg 200w, https:\/\/www.cssolutions.company\/cz\/wp-content\/uploads\/2015\/01\/ronin-big-160x160.jpg 160w\" sizes=\"(max-width: 200px) 100vw, 200px\" \/><\/a>\n\t\t\t<\/dt><\/dl><dl class='gallery-item'>\n\t\t\t<dt class='gallery-icon landscape'>\n\t\t\t\t<a href='https:\/\/www.cssolutions.company\/cz\/wp-content\/uploads\/2015\/01\/threat-management-big.jpg'><img width=\"200\" height=\"200\" src=\"https:\/\/www.cssolutions.company\/cz\/wp-content\/uploads\/2015\/01\/threat-management-big-200x200.jpg\" class=\"attachment-thumbnail size-thumbnail\" alt=\"\" loading=\"lazy\" srcset=\"https:\/\/www.cssolutions.company\/cz\/wp-content\/uploads\/2015\/01\/threat-management-big-200x200.jpg 200w, https:\/\/www.cssolutions.company\/cz\/wp-content\/uploads\/2015\/01\/threat-management-big-160x160.jpg 160w\" sizes=\"(max-width: 200px) 100vw, 200px\" \/><\/a>\n\t\t\t<\/dt><\/dl><dl class='gallery-item'>\n\t\t\t<dt class='gallery-icon portrait'>\n\t\t\t\t<a href='https:\/\/www.cssolutions.company\/cz\/wp-content\/uploads\/2015\/01\/bmw-certificate-big.jpg'><img width=\"200\" height=\"200\" src=\"https:\/\/www.cssolutions.company\/cz\/wp-content\/uploads\/2015\/01\/bmw-certificate-big-200x200.jpg\" class=\"attachment-thumbnail size-thumbnail\" alt=\"\" loading=\"lazy\" srcset=\"https:\/\/www.cssolutions.company\/cz\/wp-content\/uploads\/2015\/01\/bmw-certificate-big-200x200.jpg 200w, https:\/\/www.cssolutions.company\/cz\/wp-content\/uploads\/2015\/01\/bmw-certificate-big-160x160.jpg 160w\" sizes=\"(max-width: 200px) 100vw, 200px\" \/><\/a>\n\t\t\t<\/dt><\/dl><br style=\"clear: both\" \/><dl class='gallery-item'>\n\t\t\t<dt class='gallery-icon portrait'>\n\t\t\t\t<a href='https:\/\/www.cssolutions.company\/cz\/wp-content\/uploads\/2015\/01\/bmw-gross-doln-big.jpg'><img width=\"200\" height=\"200\" src=\"https:\/\/www.cssolutions.company\/cz\/wp-content\/uploads\/2015\/01\/bmw-gross-doln-big-200x200.jpg\" class=\"attachment-thumbnail size-thumbnail\" alt=\"\" loading=\"lazy\" srcset=\"https:\/\/www.cssolutions.company\/cz\/wp-content\/uploads\/2015\/01\/bmw-gross-doln-big-200x200.jpg 200w, https:\/\/www.cssolutions.company\/cz\/wp-content\/uploads\/2015\/01\/bmw-gross-doln-big-160x160.jpg 160w\" sizes=\"(max-width: 200px) 100vw, 200px\" \/><\/a>\n\t\t\t<\/dt><\/dl><dl class='gallery-item'>\n\t\t\t<dt class='gallery-icon portrait'>\n\t\t\t\t<a href='https:\/\/www.cssolutions.company\/cz\/wp-content\/uploads\/2015\/01\/bmw-winter-big.jpg'><img width=\"200\" height=\"200\" src=\"https:\/\/www.cssolutions.company\/cz\/wp-content\/uploads\/2015\/01\/bmw-winter-big-200x200.jpg\" class=\"attachment-thumbnail size-thumbnail\" alt=\"\" loading=\"lazy\" srcset=\"https:\/\/www.cssolutions.company\/cz\/wp-content\/uploads\/2015\/01\/bmw-winter-big-200x200.jpg 200w, https:\/\/www.cssolutions.company\/cz\/wp-content\/uploads\/2015\/01\/bmw-winter-big-160x160.jpg 160w\" sizes=\"(max-width: 200px) 100vw, 200px\" \/><\/a>\n\t\t\t<\/dt><\/dl><dl class='gallery-item'>\n\t\t\t<dt class='gallery-icon portrait'>\n\t\t\t\t<a href='https:\/\/www.cssolutions.company\/cz\/wp-content\/uploads\/2015\/01\/defensive-driving-big.jpg'><img width=\"200\" height=\"200\" src=\"https:\/\/www.cssolutions.company\/cz\/wp-content\/uploads\/2015\/01\/defensive-driving-big-200x200.jpg\" class=\"attachment-thumbnail size-thumbnail\" alt=\"\" loading=\"lazy\" srcset=\"https:\/\/www.cssolutions.company\/cz\/wp-content\/uploads\/2015\/01\/defensive-driving-big-200x200.jpg 200w, https:\/\/www.cssolutions.company\/cz\/wp-content\/uploads\/2015\/01\/defensive-driving-big-160x160.jpg 160w\" sizes=\"(max-width: 200px) 100vw, 200px\" \/><\/a>\n\t\t\t<\/dt><\/dl><dl class='gallery-item'>\n\t\t\t<dt class='gallery-icon portrait'>\n\t\t\t\t<a href='https:\/\/www.cssolutions.company\/cz\/wp-content\/uploads\/2015\/01\/driving-big.jpg'><img width=\"200\" height=\"200\" src=\"https:\/\/www.cssolutions.company\/cz\/wp-content\/uploads\/2015\/01\/driving-big-200x200.jpg\" class=\"attachment-thumbnail size-thumbnail\" alt=\"\" loading=\"lazy\" srcset=\"https:\/\/www.cssolutions.company\/cz\/wp-content\/uploads\/2015\/01\/driving-big-200x200.jpg 200w, https:\/\/www.cssolutions.company\/cz\/wp-content\/uploads\/2015\/01\/driving-big-160x160.jpg 160w\" sizes=\"(max-width: 200px) 100vw, 200px\" \/><\/a>\n\t\t\t<\/dt><\/dl><br style=\"clear: both\" \/><dl class='gallery-item'>\n\t\t\t<dt class='gallery-icon portrait'>\n\t\t\t\t<a href='https:\/\/www.cssolutions.company\/cz\/wp-content\/uploads\/2015\/01\/caring-for-life-big.jpg'><img width=\"200\" height=\"200\" src=\"https:\/\/www.cssolutions.company\/cz\/wp-content\/uploads\/2015\/01\/caring-for-life-big-200x200.jpg\" class=\"attachment-thumbnail size-thumbnail\" alt=\"\" loading=\"lazy\" srcset=\"https:\/\/www.cssolutions.company\/cz\/wp-content\/uploads\/2015\/01\/caring-for-life-big-200x200.jpg 200w, https:\/\/www.cssolutions.company\/cz\/wp-content\/uploads\/2015\/01\/caring-for-life-big-160x160.jpg 160w\" sizes=\"(max-width: 200px) 100vw, 200px\" \/><\/a>\n\t\t\t<\/dt><\/dl><dl class='gallery-item'>\n\t\t\t<dt class='gallery-icon portrait'>\n\t\t\t\t<a href='https:\/\/www.cssolutions.company\/cz\/wp-content\/uploads\/2015\/01\/first-aid-big.jpg'><img width=\"200\" height=\"200\" src=\"https:\/\/www.cssolutions.company\/cz\/wp-content\/uploads\/2015\/01\/first-aid-big-200x200.jpg\" class=\"attachment-thumbnail size-thumbnail\" alt=\"\" loading=\"lazy\" srcset=\"https:\/\/www.cssolutions.company\/cz\/wp-content\/uploads\/2015\/01\/first-aid-big-200x200.jpg 200w, https:\/\/www.cssolutions.company\/cz\/wp-content\/uploads\/2015\/01\/first-aid-big-160x160.jpg 160w\" sizes=\"(max-width: 200px) 100vw, 200px\" \/><\/a>\n\t\t\t<\/dt><\/dl><dl class='gallery-item'>\n\t\t\t<dt class='gallery-icon portrait'>\n\t\t\t\t<a href='https:\/\/www.cssolutions.company\/cz\/wp-content\/uploads\/2015\/01\/first-person-on-scene-big.jpg'><img width=\"200\" height=\"200\" src=\"https:\/\/www.cssolutions.company\/cz\/wp-content\/uploads\/2015\/01\/first-person-on-scene-big-200x200.jpg\" class=\"attachment-thumbnail size-thumbnail\" alt=\"\" loading=\"lazy\" srcset=\"https:\/\/www.cssolutions.company\/cz\/wp-content\/uploads\/2015\/01\/first-person-on-scene-big-200x200.jpg 200w, https:\/\/www.cssolutions.company\/cz\/wp-content\/uploads\/2015\/01\/first-person-on-scene-big-160x160.jpg 160w\" sizes=\"(max-width: 200px) 100vw, 200px\" \/><\/a>\n\t\t\t<\/dt><\/dl><dl class='gallery-item'>\n\t\t\t<dt class='gallery-icon portrait'>\n\t\t\t\t<a href='https:\/\/www.cssolutions.company\/cz\/wp-content\/uploads\/2015\/01\/medical-cert-big.jpg'><img width=\"200\" height=\"200\" src=\"https:\/\/www.cssolutions.company\/cz\/wp-content\/uploads\/2015\/01\/medical-cert-big-200x200.jpg\" class=\"attachment-thumbnail size-thumbnail\" alt=\"\" loading=\"lazy\" srcset=\"https:\/\/www.cssolutions.company\/cz\/wp-content\/uploads\/2015\/01\/medical-cert-big-200x200.jpg 200w, https:\/\/www.cssolutions.company\/cz\/wp-content\/uploads\/2015\/01\/medical-cert-big-160x160.jpg 160w\" sizes=\"(max-width: 200px) 100vw, 200px\" \/><\/a>\n\t\t\t<\/dt><\/dl><br style=\"clear: both\" \/><dl class='gallery-item'>\n\t\t\t<dt class='gallery-icon portrait'>\n\t\t\t\t<a href='https:\/\/www.cssolutions.company\/cz\/wp-content\/uploads\/2015\/01\/ilm-certificate-big.jpg'><img width=\"200\" height=\"200\" src=\"https:\/\/www.cssolutions.company\/cz\/wp-content\/uploads\/2015\/01\/ilm-certificate-big-200x200.jpg\" class=\"attachment-thumbnail size-thumbnail\" alt=\"\" loading=\"lazy\" srcset=\"https:\/\/www.cssolutions.company\/cz\/wp-content\/uploads\/2015\/01\/ilm-certificate-big-200x200.jpg 200w, https:\/\/www.cssolutions.company\/cz\/wp-content\/uploads\/2015\/01\/ilm-certificate-big-160x160.jpg 160w\" sizes=\"(max-width: 200px) 100vw, 200px\" \/><\/a>\n\t\t\t<\/dt><\/dl><dl class='gallery-item'>\n\t\t\t<dt class='gallery-icon portrait'>\n\t\t\t\t<a href='https:\/\/www.cssolutions.company\/cz\/wp-content\/uploads\/2015\/01\/lithuanian-tr-letter-of-thanks-big.jpg'><img width=\"200\" height=\"200\" src=\"https:\/\/www.cssolutions.company\/cz\/wp-content\/uploads\/2015\/01\/lithuanian-tr-letter-of-thanks-big-200x200.jpg\" class=\"attachment-thumbnail size-thumbnail\" alt=\"\" loading=\"lazy\" srcset=\"https:\/\/www.cssolutions.company\/cz\/wp-content\/uploads\/2015\/01\/lithuanian-tr-letter-of-thanks-big-200x200.jpg 200w, https:\/\/www.cssolutions.company\/cz\/wp-content\/uploads\/2015\/01\/lithuanian-tr-letter-of-thanks-big-160x160.jpg 160w\" sizes=\"(max-width: 200px) 100vw, 200px\" \/><\/a>\n\t\t\t<\/dt><\/dl><dl class='gallery-item'>\n\t\t\t<dt class='gallery-icon landscape'>\n\t\t\t\t<a href='https:\/\/www.cssolutions.company\/cz\/wp-content\/uploads\/2015\/01\/ronin-firearms-big.jpg'><img width=\"200\" height=\"200\" src=\"https:\/\/www.cssolutions.company\/cz\/wp-content\/uploads\/2015\/01\/ronin-firearms-big-200x200.jpg\" class=\"attachment-thumbnail size-thumbnail\" alt=\"\" loading=\"lazy\" srcset=\"https:\/\/www.cssolutions.company\/cz\/wp-content\/uploads\/2015\/01\/ronin-firearms-big-200x200.jpg 200w, https:\/\/www.cssolutions.company\/cz\/wp-content\/uploads\/2015\/01\/ronin-firearms-big-160x160.jpg 160w\" sizes=\"(max-width: 200px) 100vw, 200px\" \/><\/a>\n\t\t\t<\/dt><\/dl><dl class='gallery-item'>\n\t\t\t<dt class='gallery-icon landscape'>\n\t\t\t\t<a href='https:\/\/www.cssolutions.company\/cz\/wp-content\/uploads\/2015\/01\/tactical-pistolcraft-usa-big.jpg'><img width=\"200\" height=\"200\" src=\"https:\/\/www.cssolutions.company\/cz\/wp-content\/uploads\/2015\/01\/tactical-pistolcraft-usa-big-200x200.jpg\" class=\"attachment-thumbnail size-thumbnail\" alt=\"\" loading=\"lazy\" srcset=\"https:\/\/www.cssolutions.company\/cz\/wp-content\/uploads\/2015\/01\/tactical-pistolcraft-usa-big-200x200.jpg 200w, https:\/\/www.cssolutions.company\/cz\/wp-content\/uploads\/2015\/01\/tactical-pistolcraft-usa-big-160x160.jpg 160w\" sizes=\"(max-width: 200px) 100vw, 200px\" \/><\/a>\n\t\t\t<\/dt><\/dl><br style=\"clear: both\" \/><dl class='gallery-item'>\n\t\t\t<dt class='gallery-icon landscape'>\n\t\t\t\t<a href='https:\/\/www.cssolutions.company\/cz\/wp-content\/uploads\/2015\/01\/taser-x26-x26c-big.jpg'><img width=\"200\" height=\"200\" src=\"https:\/\/www.cssolutions.company\/cz\/wp-content\/uploads\/2015\/01\/taser-x26-x26c-big-200x200.jpg\" class=\"attachment-thumbnail size-thumbnail\" alt=\"\" loading=\"lazy\" srcset=\"https:\/\/www.cssolutions.company\/cz\/wp-content\/uploads\/2015\/01\/taser-x26-x26c-big-200x200.jpg 200w, https:\/\/www.cssolutions.company\/cz\/wp-content\/uploads\/2015\/01\/taser-x26-x26c-big-160x160.jpg 160w\" sizes=\"(max-width: 200px) 100vw, 200px\" \/><\/a>\n\t\t\t<\/dt><\/dl>\n\t\t\t<br style='clear: both' \/>\n\t\t<\/div>\n\n","protected":false},"excerpt":{"rendered":"<p>Nab\u00edz\u00edme vysoce profesion\u00e1ln\u00ed slu\u017eby zejm\u00e9na v oblasti bezpe\u010dnostn\u00ed p\u0159\u00edpravy, v\u00fdcviku a v\u00fdkonu ochrany osob a majetku. Posl\u00e1n\u00ed Spole\u010dnost CS Solutions s.r.o. byla zalo\u017eena v lednu 2009 za \u00fa\u010delem vytvo\u0159en\u00ed nadn\u00e1rodn\u00ed spole\u010dnosti, kter\u00e1 bude schopna nab\u00eddnout klient\u016fm vysoce kvalitn\u00ed komplexn\u00ed bezpe\u010dnostn\u00ed slu\u017eby. Vznik spole\u010dnosti byl inspirov\u00e1n aktu\u00e1ln\u00edmi celosv\u011btov\u00fdmi trendy v zaji\u0161\u0165ov\u00e1n\u00ed bezpe\u010dnosti priv\u00e1tn\u00edch, soukrom\u00fdch i st\u00e1tn\u00edch [&hellip;]<\/p>\n","protected":false},"author":1,"featured_media":198,"parent":0,"menu_order":0,"comment_status":"open","ping_status":"open","template":"page-onas.php","meta":[],"_links":{"self":[{"href":"https:\/\/www.cssolutions.company\/cz\/wp-json\/wp\/v2\/pages\/96"}],"collection":[{"href":"https:\/\/www.cssolutions.company\/cz\/wp-json\/wp\/v2\/pages"}],"about":[{"href":"https:\/\/www.cssolutions.company\/cz\/wp-json\/wp\/v2\/types\/page"}],"author":[{"embeddable":true,"href":"https:\/\/www.cssolutions.company\/cz\/wp-json\/wp\/v2\/users\/1"}],"replies":[{"embeddable":true,"href":"https:\/\/www.cssolutions.company\/cz\/wp-json\/wp\/v2\/comments?post=96"}],"version-history":[{"count":27,"href":"https:\/\/www.cssolutions.company\/cz\/wp-json\/wp\/v2\/pages\/96\/revisions"}],"predecessor-version":[{"id":742,"href":"https:\/\/www.cssolutions.company\/cz\/wp-json\/wp\/v2\/pages\/96\/revisions\/742"}],"wp:featuredmedia":[{"embeddable":true,"href":"https:\/\/www.cssolutions.company\/cz\/wp-json\/wp\/v2\/media\/198"}],"wp:attachment":[{"href":"https:\/\/www.cssolutions.company\/cz\/wp-json\/wp\/v2\/media?parent=96"}],"curies":[{"name":"wp","href":"https:\/\/api.w.org\/{rel}","templated":true}]}}