{"id":67,"date":"2015-01-25T21:08:38","date_gmt":"2015-01-25T21:08:38","guid":{"rendered":"http:\/\/www.cssolutions.company\/cz\/?page_id=67"},"modified":"2021-04-27T11:58:36","modified_gmt":"2021-04-27T10:58:36","slug":"kariera","status":"publish","type":"page","link":"https:\/\/www.cssolutions.company\/cz\/kariera\/","title":{"rendered":"Kari\u00e9ra"},"content":{"rendered":"<h1><strong>Spr\u00e1vce st\u0159elnice\/prodejce zbran\u00ed a st\u0159eliva <\/strong><strong>v Brn\u011b<\/strong><\/h1>\n<p><strong>Spole\u010dnost CS Solutions Group s.r.o. realizuj\u00edc\u00ed profesion\u00e1ln\u00ed slu\u017eby zejm\u00e9na v\u00a0oblasti bezpe\u010dnostn\u00ed p\u0159\u00edpravy, v\u00fdcviku a v\u00fdkonu ochrany osob a majetku, vyhla\u0161uje v\u00fdb\u011brov\u00e9 \u0159\u00edzen\u00ed na pozici spr\u00e1vce st\u0159elnice\/prodejce zbran\u00ed a dopl\u0148k\u016f.<\/strong><\/p>\n<p><img loading=\"lazy\" class=\"wp-image-1129 alignright\" src=\"http:\/\/www.cssolutions.company\/cz\/wp-content\/uploads\/2021\/04\/0075403b-0d05-4a1b-bd88-fe91d762814b.jpeg\" alt=\"\" width=\"318\" height=\"239\" srcset=\"https:\/\/www.cssolutions.company\/cz\/wp-content\/uploads\/2021\/04\/0075403b-0d05-4a1b-bd88-fe91d762814b.jpeg 320w, https:\/\/www.cssolutions.company\/cz\/wp-content\/uploads\/2021\/04\/0075403b-0d05-4a1b-bd88-fe91d762814b-195x146.jpeg 195w, https:\/\/www.cssolutions.company\/cz\/wp-content\/uploads\/2021\/04\/0075403b-0d05-4a1b-bd88-fe91d762814b-97x73.jpeg 97w, https:\/\/www.cssolutions.company\/cz\/wp-content\/uploads\/2021\/04\/0075403b-0d05-4a1b-bd88-fe91d762814b-50x38.jpeg 50w\" sizes=\"(max-width: 318px) 100vw, 318px\" \/><\/p>\n<p><strong>Popis pozice:<\/strong><\/p>\n<ul>\n<li>Zaji\u0161t\u011bn\u00ed chodu prodejny a st\u0159elnice<\/li>\n<li>Odpov\u011bdnost za bezpe\u010dn\u00fd provoz<\/li>\n<li>Odborn\u00fd dozor nad st\u0159eli\u0161t\u011bm<\/li>\n<li>St\u0159eleck\u00fd instruktor<\/li>\n<li>Prodej zbran\u00ed a dopl\u0148k\u016f ke zbran\u00edm a zapisov\u00e1n\u00ed do CRZ<\/li>\n<\/ul>\n<p><strong style=\"font-size: inherit;\">Po\u017eadujeme:<\/strong><\/p>\n<ul>\n<li>Trestn\u00ed bez\u00fahonnost<\/li>\n<li>Minim\u00e1ln\u00ed v\u011bk 21 let<\/li>\n<li>Zbrojn\u00ed pr\u016fkaz minim\u00e1ln\u011b 3 roky<\/li>\n<li>Zbrojn\u00ed pr\u016fkaz kategorie \u201eD\u201c v\u00fdhodou<\/li>\n<li>Zodpov\u011bdnost<\/li>\n<li>Obchodn\u00edho ducha<\/li>\n<li>Znalost zbran\u00ed a schopnost drobn\u00fdch oprav zbran\u00ed v\u00fdhodou (v\u00fdm\u011bna \u010d\u00e1st\u00ed zbran\u00ed), znalost konstrukce zbran\u00ed p\u0159edev\u0161\u00edm zbran\u011b typu AR, AK, brokovnice, samonab\u00edjec\u00ed pistole,\u2026<\/li>\n<li>P\u0159edchoz\u00ed praxe v\u00a0A\u010cR, P\u010cR, vyu\u010den\u00ed v\u00a0oboru pu\u0161ka\u0159 nebo praxe na st\u0159elnici v\u00fdhodou<\/li>\n<\/ul>\n<p><strong>Nab\u00edz\u00edme:<img loading=\"lazy\" class=\"alignright size-full wp-image-1127\" src=\"http:\/\/www.cssolutions.company\/cz\/wp-content\/uploads\/2021\/04\/55db256e-e7dd-4b08-8816-e7593002baae.jpeg\" alt=\"\" width=\"320\" height=\"240\" srcset=\"https:\/\/www.cssolutions.company\/cz\/wp-content\/uploads\/2021\/04\/55db256e-e7dd-4b08-8816-e7593002baae.jpeg 320w, https:\/\/www.cssolutions.company\/cz\/wp-content\/uploads\/2021\/04\/55db256e-e7dd-4b08-8816-e7593002baae-195x146.jpeg 195w, https:\/\/www.cssolutions.company\/cz\/wp-content\/uploads\/2021\/04\/55db256e-e7dd-4b08-8816-e7593002baae-97x73.jpeg 97w, https:\/\/www.cssolutions.company\/cz\/wp-content\/uploads\/2021\/04\/55db256e-e7dd-4b08-8816-e7593002baae-50x38.jpeg 50w\" sizes=\"(max-width: 320px) 100vw, 320px\" \/><\/strong><\/p>\n<ul>\n<li>N\u00e1stup dohodou<\/li>\n<li>Pr\u00e1ce na HPP, DPP\/DP\u010c<\/li>\n<li>Podpora sebevzd\u011bl\u00e1v\u00e1n\u00ed (zbroj\u00ed\u0159 \u2013 Glock, CZ Uhersk\u00fd Brod, zbran\u011b typu AR aj.)<\/li>\n<\/ul>\n<p><strong>Kontakt:<\/strong><\/p>\n<ul>\n<li>E-mail: doubek@cssolutions.cz, krausova@cssolutions.cz<\/li>\n<li>Tel: 777 306 475, 775 217 091<\/li>\n<li><a href=\"http:\/\/www.cssolutions.company\">www.cssolutions.cz<\/a><\/li>\n<\/ul>\n<h1><strong>Vlakov\u00e9 doprovody<\/strong><\/h1>\n<p><strong>Pro mobiln\u00ed hl\u00eddky v\u00a0Pardubic\u00edch, P\u0159erov\u011b, Ostrav\u011b, Hodon\u00edn\u011b a Brn\u011b hled\u00e1me nov\u00e9 posily na t\u00fdmu.<\/strong><\/p>\n<p><strong>Informace o pracovn\u00edm m\u00edst\u011b:<\/strong><\/p>\n<ul>\n<li>Bezpe\u010dnostn\u00ed pracovn\u00edk pro mobiln\u00ed ostrahu<\/li>\n<li>Pr\u00e1ce na sm\u011bny o d\u00e9lce 12 hodin (denn\u00ed a no\u010dn\u00ed)<\/li>\n<li>Asistence<\/li>\n<li>Dohled nad bezpe\u010dnost\u00ed<\/li>\n<li>Udr\u017eov\u00e1n\u00ed po\u0159\u00e1dku<\/li>\n<li>Prevence vandalismu<\/li>\n<\/ul>\n<p><strong>Po\u017eadujeme:<\/strong><\/p>\n<ul>\n<li>Trestn\u00ed bez\u00fahonnost<\/li>\n<li>Fyzickou zdatnost<\/li>\n<li>Slu\u0161n\u00e9 vystupov\u00e1n\u00ed, komunikativnost, spolehlivost, zodpov\u011bdnost<\/li>\n<li>Praxe v oboru ostrahy v\u00fdhodou<\/li>\n<li>Certifik\u00e1t str\u00e1\u017en\u00e9ho 68-088E v\u00fdhodou (nen\u00ed podm\u00ednkou)<\/li>\n<li>Z\u00e1jemci pos\u00edlejte \u017eivotopis s fotografi\u00ed<\/li>\n<\/ul>\n<p><strong>Nab\u00edz\u00edme:<\/strong><\/p>\n<ul>\n<li>Pr\u00e1ci na HPP i DPP\/DP\u010c<\/li>\n<li>Odm\u011bna 83-85 K\u010d\/ hodina<\/li>\n<li>Pravideln\u00fd m\u011bs\u00ed\u010dn\u00ed p\u0159\u00edjem<\/li>\n<li>Solidn\u00ed jedn\u00e1n\u00ed<\/li>\n<li>N\u00e1stup dohodou<\/li>\n<\/ul>\n<p><strong>Kontakt:<\/strong><\/p>\n<p>Email: <a href=\"mailto:polivkova@cssolutions.cz\">polivkova@cssolutions.cz<\/a><\/p>\n<p>Tel: +420 775 217 091<\/p>\n<h1><strong>Hl\u00edd\u00e1n\u00ed pr\u016fmyslov\u00e9ho are\u00e1lu v\u00a0Praze a v Brn\u011b<\/strong><\/h1>\n<p><strong>Na pozici str\u00e1\u017en\u00fd hled\u00e1me posily do na\u0161eho t\u00fdmu v\u00a0Praze a v\u00a0Brn\u011b. <\/strong><\/p>\n<p><strong>Informace o pracovn\u00edm m\u00edst\u011b:<\/strong><\/p>\n<ul>\n<li>Ostraha pr\u016fmyslov\u00e9ho are\u00e1lu v Praze\u00a0a v Brn\u011b<\/li>\n<li>Nep\u0159etr\u017eit\u00fd provoz &#8211; denn\u00ed, no\u010dn\u00ed, v\u00edkendy, sv\u00e1tky<\/li>\n<li>Obch\u016fzkov\u00e1 \u010dinnost<\/li>\n<li>Obsluha kamerov\u00e9ho syst\u00e9mu<\/li>\n<\/ul>\n<p><strong>Po\u017eadujeme:<\/strong><\/p>\n<ul>\n<li>Trestn\u00ed bez\u00fahonnost<\/li>\n<li>Praxe v\u00fdhodou<\/li>\n<li>Certifik\u00e1t str\u00e1\u017en\u00e9ho 68-088E v\u00fdhodou (nen\u00ed podm\u00ednkou)<\/li>\n<li>Slu\u0161n\u00e9 vystupov\u00e1n\u00ed<\/li>\n<li>Spolehlivost<\/li>\n<li>V\u011bk nad 18 let<\/li>\n<\/ul>\n<p><strong>Nab\u00edz\u00edme:<\/strong><\/p>\n<ul>\n<li>Pr\u00e1ce na HPP (pln\u00fd i zkr\u00e1cen\u00fd) nebo DPP<\/li>\n<li>Mzda 80 K\u010d\/hod.<\/li>\n<\/ul>\n<p><strong>Kontakt:<\/strong><\/p>\n<p>Email:\u00a0<a href=\"mailto:polivkova@cssolutions.cz\">polivkova@cssolutions.cz<\/a><\/p>\n<p>Tel:\u00a0+420 775 217 091<\/p>\n","protected":false},"excerpt":{"rendered":"<p>Spr\u00e1vce st\u0159elnice\/prodejce zbran\u00ed a st\u0159eliva v Brn\u011b Spole\u010dnost CS Solutions Group s.r.o. realizuj\u00edc\u00ed profesion\u00e1ln\u00ed slu\u017eby zejm\u00e9na v\u00a0oblasti bezpe\u010dnostn\u00ed p\u0159\u00edpravy, v\u00fdcviku a v\u00fdkonu ochrany osob a majetku, vyhla\u0161uje v\u00fdb\u011brov\u00e9 \u0159\u00edzen\u00ed na pozici spr\u00e1vce st\u0159elnice\/prodejce zbran\u00ed a dopl\u0148k\u016f. Popis pozice: Zaji\u0161t\u011bn\u00ed chodu prodejny a st\u0159elnice Odpov\u011bdnost za bezpe\u010dn\u00fd provoz Odborn\u00fd dozor nad st\u0159eli\u0161t\u011bm St\u0159eleck\u00fd instruktor Prodej zbran\u00ed [&hellip;]<\/p>\n","protected":false},"author":1,"featured_media":0,"parent":0,"menu_order":0,"comment_status":"open","ping_status":"open","template":"","meta":[],"_links":{"self":[{"href":"https:\/\/www.cssolutions.company\/cz\/wp-json\/wp\/v2\/pages\/67"}],"collection":[{"href":"https:\/\/www.cssolutions.company\/cz\/wp-json\/wp\/v2\/pages"}],"about":[{"href":"https:\/\/www.cssolutions.company\/cz\/wp-json\/wp\/v2\/types\/page"}],"author":[{"embeddable":true,"href":"https:\/\/www.cssolutions.company\/cz\/wp-json\/wp\/v2\/users\/1"}],"replies":[{"embeddable":true,"href":"https:\/\/www.cssolutions.company\/cz\/wp-json\/wp\/v2\/comments?post=67"}],"version-history":[{"count":42,"href":"https:\/\/www.cssolutions.company\/cz\/wp-json\/wp\/v2\/pages\/67\/revisions"}],"predecessor-version":[{"id":1148,"href":"https:\/\/www.cssolutions.company\/cz\/wp-json\/wp\/v2\/pages\/67\/revisions\/1148"}],"wp:attachment":[{"href":"https:\/\/www.cssolutions.company\/cz\/wp-json\/wp\/v2\/media?parent=67"}],"curies":[{"name":"wp","href":"https:\/\/api.w.org\/{rel}","templated":true}]}}